{"id":24,"date":"2024-01-15T17:29:47","date_gmt":"2024-01-15T16:29:47","guid":{"rendered":"https:\/\/la-muzetiere.fr\/?page_id=24"},"modified":"2025-07-08T17:04:19","modified_gmt":"2025-07-08T15:04:19","slug":"les-gites","status":"publish","type":"page","link":"https:\/\/la-muzetiere.fr\/index.php\/les-gites\/","title":{"rendered":"Les g\u00eetes"},"content":{"rendered":"\n<p>Les deux g\u00eetes sont attenants \u00e0 la maison principal et disposent chacun d&rsquo;une terrasse priv\u00e9e. <\/p>\n\n\n\n<div class=\"wp-block-group alignwide is-layout-constrained wp-block-group-is-layout-constrained\">\n<div class=\"wp-block-columns is-layout-flex wp-container-core-columns-is-layout-28f84493 wp-block-columns-is-layout-flex\">\n<div class=\"wp-block-column is-layout-flow wp-block-column-is-layout-flow\" style=\"flex-basis:50%\">\n<div class=\"wp-block-cover\"><img decoding=\"async\" width=\"1440\" height=\"960\" class=\"wp-block-cover__image-background wp-image-111\" alt=\"\" src=\"https:\/\/la-muzetiere.fr\/wp-content\/uploads\/2024\/01\/La_Muzetiere-BD-10.jpg\" data-object-fit=\"cover\" srcset=\"https:\/\/la-muzetiere.fr\/wp-content\/uploads\/2024\/01\/La_Muzetiere-BD-10.jpg 1440w, https:\/\/la-muzetiere.fr\/wp-content\/uploads\/2024\/01\/La_Muzetiere-BD-10-300x200.jpg 300w, https:\/\/la-muzetiere.fr\/wp-content\/uploads\/2024\/01\/La_Muzetiere-BD-10-1024x683.jpg 1024w, https:\/\/la-muzetiere.fr\/wp-content\/uploads\/2024\/01\/La_Muzetiere-BD-10-768x512.jpg 768w\" sizes=\"(max-width: 1440px) 100vw, 1440px\" \/><span aria-hidden=\"true\" class=\"wp-block-cover__background has-background-dim\"><\/span><div class=\"wp-block-cover__inner-container is-layout-constrained wp-block-cover-is-layout-constrained\">\n<h2 class=\"wp-block-heading has-ast-global-color-4-color has-text-color has-link-color has-large-font-size wp-elements-ff253f2b58f7def7794d9ebe862abfaf\">G\u00eete La Muzeti\u00e8re<\/h2>\n\n\n\n<p class=\"has-ast-global-color-5-color has-text-color has-link-color wp-elements-21b3e69cef7b268d50836fea9c55aa99\">5 personnes<\/p>\n\n\n\n<div class=\"wp-block-buttons is-layout-flex wp-block-buttons-is-layout-flex\">\n<div class=\"wp-block-button\"><a class=\"wp-block-button__link wp-element-button\" href=\"https:\/\/la-muzetiere.fr\/index.php\/gite-la-muzetiere\/\">Voir le g\u00eete<\/a><\/div>\n<\/div>\n<\/div><\/div>\n<\/div>\n\n\n\n<div class=\"wp-block-column is-layout-flow wp-block-column-is-layout-flow\" style=\"flex-basis:50%\">\n<div class=\"wp-block-cover\"><img decoding=\"async\" width=\"1440\" height=\"960\" class=\"wp-block-cover__image-background wp-image-125\" alt=\"\" src=\"https:\/\/la-muzetiere.fr\/wp-content\/uploads\/2024\/01\/Gite_Gisele_et_Fred-BD-4.jpg\" data-object-fit=\"cover\" srcset=\"https:\/\/la-muzetiere.fr\/wp-content\/uploads\/2024\/01\/Gite_Gisele_et_Fred-BD-4.jpg 1440w, https:\/\/la-muzetiere.fr\/wp-content\/uploads\/2024\/01\/Gite_Gisele_et_Fred-BD-4-300x200.jpg 300w, https:\/\/la-muzetiere.fr\/wp-content\/uploads\/2024\/01\/Gite_Gisele_et_Fred-BD-4-1024x683.jpg 1024w, https:\/\/la-muzetiere.fr\/wp-content\/uploads\/2024\/01\/Gite_Gisele_et_Fred-BD-4-768x512.jpg 768w\" sizes=\"(max-width: 1440px) 100vw, 1440px\" \/><span aria-hidden=\"true\" class=\"wp-block-cover__background has-background-dim\"><\/span><div class=\"wp-block-cover__inner-container is-layout-constrained wp-block-cover-is-layout-constrained\">\n<h2 class=\"wp-block-heading has-ast-global-color-4-color has-text-color has-link-color has-large-font-size wp-elements-3337208401e4de1754be030ccb3aa621\">G\u00eete Chez Gis\u00e8le et Fred<\/h2>\n\n\n\n<p class=\"has-ast-global-color-5-color has-text-color has-link-color wp-elements-11c42974899d16175a0bce096f5e26b1\">6 personnes<\/p>\n\n\n\n<div class=\"wp-block-buttons is-layout-flex wp-block-buttons-is-layout-flex\">\n<div class=\"wp-block-button\"><a class=\"wp-block-button__link wp-element-button\" href=\"https:\/\/la-muzetiere.fr\/index.php\/gite-chez-gisele-et-fred\/\">Voit le g\u00eete<\/a><\/div>\n<\/div>\n<\/div><\/div>\n<\/div>\n<\/div>\n<\/div>\n\n\n\n<div class=\"wp-block-columns alignwide is-layout-flex wp-container-core-columns-is-layout-28f84493 wp-block-columns-is-layout-flex\">\n<div class=\"wp-block-column is-layout-flow wp-block-column-is-layout-flow\">\n<h4 class=\"wp-block-heading\"><\/h4>\n<\/div>\n<\/div>\n\n\n\n<div class=\"wp-block-group alignfull has-ast-global-color-5-color has-ast-global-color-0-background-color has-text-color has-background has-link-color wp-elements-08f0d3e0c763ad83d9aa37029916a43c is-layout-constrained wp-container-core-group-is-layout-12243e0f wp-block-group-is-layout-constrained\">\n<h2 class=\"wp-block-heading has-text-align-center has-ast-global-color-5-color has-text-color has-link-color wp-elements-ad4c5e6fbaa6c2b87ae9a9e850e33c69\">Contactez-moi<\/h2>\n\n\n\n<p class=\"has-text-align-center has-ast-global-color-5-color has-text-color has-link-color wp-elements-739050ec705d1286f25dade1d8f2b2e1\">Pour infos et r\u00e9servations<\/p>\n\n\n\n<div class=\"wp-block-buttons is-content-justification-center is-layout-flex wp-container-core-buttons-is-layout-a89b3969 wp-block-buttons-is-layout-flex\">\n<div class=\"wp-block-button\"><a class=\"wp-block-button__link has-ast-global-color-8-background-color has-background wp-element-button\" href=\"mailto:lamuzetiere@gmail.com\" target=\"_blank\" rel=\"noreferrer noopener\">\u00c9crire e-mail<\/a><\/div>\n\n\n\n<div class=\"wp-block-button\"><a class=\"wp-block-button__link has-ast-global-color-8-background-color has-background wp-element-button\" href=\"tel:0757540078\" target=\"_blank\" rel=\"noreferrer noopener\">Passer un coup de fil<\/a><\/div>\n<\/div>\n\n\n\n<div class=\"wp-block-buttons is-layout-flex wp-block-buttons-is-layout-flex\"><\/div>\n<\/div>\n","protected":false},"excerpt":{"rendered":"<p>Les deux g\u00eetes sont attenants \u00e0 la maison principal et disposent chacun d&rsquo;une terrasse priv\u00e9e.<\/p>\n","protected":false},"author":1,"featured_media":0,"parent":0,"menu_order":0,"comment_status":"closed","ping_status":"closed","template":"","meta":{"_eb_attr":"","inline_featured_image":false,"site-sidebar-layout":"default","site-content-layout":"","ast-site-content-layout":"","site-content-style":"default","site-sidebar-style":"default","ast-global-header-display":"","ast-banner-title-visibility":"","ast-main-header-display":"","ast-hfb-above-header-display":"","ast-hfb-below-header-display":"","ast-hfb-mobile-header-display":"","site-post-title":"","ast-breadcrumbs-content":"","ast-featured-img":"","footer-sml-layout":"","theme-transparent-header-meta":"","adv-header-id-meta":"","stick-header-meta":"","header-above-stick-meta":"","header-main-stick-meta":"","header-below-stick-meta":"","astra-migrate-meta-layouts":"default","ast-page-background-enabled":"default","ast-page-background-meta":{"desktop":{"background-color":"var(--ast-global-color-4)","background-image":"","background-repeat":"repeat","background-position":"center center","background-size":"auto","background-attachment":"scroll","background-type":"","background-media":"","overlay-type":"","overlay-color":"","overlay-opacity":"","overlay-gradient":""},"tablet":{"background-color":"","background-image":"","background-repeat":"repeat","background-position":"center center","background-size":"auto","background-attachment":"scroll","background-type":"","background-media":"","overlay-type":"","overlay-color":"","overlay-opacity":"","overlay-gradient":""},"mobile":{"background-color":"","background-image":"","background-repeat":"repeat","background-position":"center center","background-size":"auto","background-attachment":"scroll","background-type":"","background-media":"","overlay-type":"","overlay-color":"","overlay-opacity":"","overlay-gradient":""}},"ast-content-background-meta":{"desktop":{"background-color":"var(--ast-global-color-5)","background-image":"","background-repeat":"repeat","background-position":"center center","background-size":"auto","background-attachment":"scroll","background-type":"","background-media":"","overlay-type":"","overlay-color":"","overlay-opacity":"","overlay-gradient":""},"tablet":{"background-color":"var(--ast-global-color-5)","background-image":"","background-repeat":"repeat","background-position":"center center","background-size":"auto","background-attachment":"scroll","background-type":"","background-media":"","overlay-type":"","overlay-color":"","overlay-opacity":"","overlay-gradient":""},"mobile":{"background-color":"var(--ast-global-color-5)","background-image":"","background-repeat":"repeat","background-position":"center center","background-size":"auto","background-attachment":"scroll","background-type":"","background-media":"","overlay-type":"","overlay-color":"","overlay-opacity":"","overlay-gradient":""}},"footnotes":""},"class_list":["post-24","page","type-page","status-publish","hentry"],"_links":{"self":[{"href":"https:\/\/la-muzetiere.fr\/index.php\/wp-json\/wp\/v2\/pages\/24","targetHints":{"allow":["GET"]}}],"collection":[{"href":"https:\/\/la-muzetiere.fr\/index.php\/wp-json\/wp\/v2\/pages"}],"about":[{"href":"https:\/\/la-muzetiere.fr\/index.php\/wp-json\/wp\/v2\/types\/page"}],"author":[{"embeddable":true,"href":"https:\/\/la-muzetiere.fr\/index.php\/wp-json\/wp\/v2\/users\/1"}],"replies":[{"embeddable":true,"href":"https:\/\/la-muzetiere.fr\/index.php\/wp-json\/wp\/v2\/comments?post=24"}],"version-history":[{"count":18,"href":"https:\/\/la-muzetiere.fr\/index.php\/wp-json\/wp\/v2\/pages\/24\/revisions"}],"predecessor-version":[{"id":354,"href":"https:\/\/la-muzetiere.fr\/index.php\/wp-json\/wp\/v2\/pages\/24\/revisions\/354"}],"wp:attachment":[{"href":"https:\/\/la-muzetiere.fr\/index.php\/wp-json\/wp\/v2\/media?parent=24"}],"curies":[{"name":"wp","href":"https:\/\/api.w.org\/{rel}","templated":true}]}}