{"id":145,"date":"2024-01-16T12:25:06","date_gmt":"2024-01-16T11:25:06","guid":{"rendered":"https:\/\/la-muzetiere.fr\/?page_id=145"},"modified":"2025-07-07T18:49:47","modified_gmt":"2025-07-07T16:49:47","slug":"gite-la-muzetiere","status":"publish","type":"page","link":"https:\/\/la-muzetiere.fr\/index.php\/gite-la-muzetiere\/","title":{"rendered":"G\u00eete La Muzeti\u00e8re"},"content":{"rendered":"\n<div class=\"wp-block-cover alignfull\"><img decoding=\"async\" width=\"1440\" height=\"960\" class=\"wp-block-cover__image-background wp-image-109\" alt=\"\" src=\"https:\/\/la-muzetiere.fr\/wp-content\/uploads\/2024\/01\/La_Muzetiere-BD-8.jpg\" data-object-fit=\"cover\" srcset=\"https:\/\/la-muzetiere.fr\/wp-content\/uploads\/2024\/01\/La_Muzetiere-BD-8.jpg 1440w, https:\/\/la-muzetiere.fr\/wp-content\/uploads\/2024\/01\/La_Muzetiere-BD-8-300x200.jpg 300w, https:\/\/la-muzetiere.fr\/wp-content\/uploads\/2024\/01\/La_Muzetiere-BD-8-1024x683.jpg 1024w, https:\/\/la-muzetiere.fr\/wp-content\/uploads\/2024\/01\/La_Muzetiere-BD-8-768x512.jpg 768w\" sizes=\"(max-width: 1440px) 100vw, 1440px\" \/><span aria-hidden=\"true\" class=\"wp-block-cover__background has-background-dim\"><\/span><div class=\"wp-block-cover__inner-container is-layout-constrained wp-block-cover-is-layout-constrained\">\n<h1 class=\"wp-block-heading has-text-align-center has-large-font-size\">G\u00eete La Muzeti\u00e8re<\/h1>\n<\/div><\/div>\n\n\n\n<div class=\"wp-block-group is-layout-constrained wp-block-group-is-layout-constrained\">\n<div class=\"wp-block-columns are-vertically-aligned-center is-layout-flex wp-container-core-columns-is-layout-28f84493 wp-block-columns-is-layout-flex\">\n<div class=\"wp-block-column is-vertically-aligned-center is-layout-flow wp-block-column-is-layout-flow\">\n<h2 class=\"wp-block-heading has-large-font-size\">Le g\u00eete la Muzeti\u00e8re<\/h2>\n\n\n\n<p> Le g\u00eete est un petit havre de paix, au c\u0153ur de la nature, un lieu de repos dans un paysage magnifique, o\u00f9 se rencontrent les vignobles du Beaujolais avec les prairies, landes et for\u00eats de la Vall\u00e9e d&rsquo;Azergues. Attenant \u00e0 la maison du proprietaire, mais con\u00e7u pour vous assurer tranquillit\u00e9 et intimit\u00e9, cette maison bucolique a \u00e9t\u00e9 r\u00e9nov\u00e9e avec soin afin de vous offrir un s\u00e9jour en liant mat\u00e9riaux anciens et partis pris contemporains. RDC sur\u00e9lev\u00e9 (5 marches ext\u00e9rieures): pi\u00e8ce de jour (poutres apparentes, murs en pierres), coin-cuisine, coin-repas, coin-salon, 2 chambres (1 lit 2 pers.), (1 lit 2 pers., 1 lit 1 pers. 90cm x 200 cm, mansard\u00e9e), salle d&rsquo;eau, wc. Chauffage central (granul\u00e9s bois). Terrasse privative dall\u00e9e avec une partie abrit\u00e9e, salon de jardin, barbecue . Vaste terrain arbor\u00e9 tout autour de la maison, isol\u00e9e. Lac des Sapins et piscine bio \u00e0 20 km, espace spa \u00e0 7 km, d\u00e9part de circuits p\u00e9destres et cyclistes \u00e0 proximit\u00e9. H\u00e9bergement non fumeur.<\/p>\n<\/div>\n\n\n\n<div class=\"wp-block-column is-vertically-aligned-center is-layout-flow wp-block-column-is-layout-flow\">\n<figure class=\"wp-block-image size-large\"><img decoding=\"async\" width=\"1024\" height=\"683\" src=\"https:\/\/la-muzetiere.fr\/wp-content\/uploads\/2024\/01\/La_Muzetiere-BD-20-1024x683.jpg\" alt=\"\" class=\"wp-image-121\" srcset=\"https:\/\/la-muzetiere.fr\/wp-content\/uploads\/2024\/01\/La_Muzetiere-BD-20-1024x683.jpg 1024w, https:\/\/la-muzetiere.fr\/wp-content\/uploads\/2024\/01\/La_Muzetiere-BD-20-300x200.jpg 300w, https:\/\/la-muzetiere.fr\/wp-content\/uploads\/2024\/01\/La_Muzetiere-BD-20-768x512.jpg 768w, https:\/\/la-muzetiere.fr\/wp-content\/uploads\/2024\/01\/La_Muzetiere-BD-20.jpg 1440w\" sizes=\"(max-width: 1024px) 100vw, 1024px\" \/><\/figure>\n<\/div>\n<\/div>\n<\/div>\n\n\n\n<div class=\"wp-block-image-gallery-block-image-gallery-block\"><div class=\"eb-parent-wrapper eb-parent-eb-image-gallery-vwort \"><div class=\"eb-gallery-img-wrapper eb-image-gallery-vwort masonry overlay-bottom caption-style-0   no-isotope \" data-id=\"eb-image-gallery-vwort\"><a href=\"https:\/\/la-muzetiere.fr\/wp-content\/uploads\/2024\/01\/La_Muzetiere-BD-11.jpg\" rel=\"noopener\" data-fslightbox=\"gallery\" data-type=\"image\" class=\"eb-gallery-img-content eb-filter-img-\"><span class=\"eb-gallery-link-wrapper\"><img decoding=\"async\" class=\"eb-gallery-img\" src=\"https:\/\/la-muzetiere.fr\/wp-content\/uploads\/2024\/01\/La_Muzetiere-BD-11.jpg\" image-index=\"0\" alt=\"\"\/><\/span><\/a><a href=\"https:\/\/la-muzetiere.fr\/wp-content\/uploads\/2024\/01\/La_Muzetiere-BD-9.jpg\" rel=\"noopener\" data-fslightbox=\"gallery\" data-type=\"image\" class=\"eb-gallery-img-content eb-filter-img-\"><span class=\"eb-gallery-link-wrapper\"><img decoding=\"async\" class=\"eb-gallery-img\" src=\"https:\/\/la-muzetiere.fr\/wp-content\/uploads\/2024\/01\/La_Muzetiere-BD-9.jpg\" image-index=\"1\" alt=\"\"\/><\/span><\/a><a href=\"https:\/\/la-muzetiere.fr\/wp-content\/uploads\/2024\/01\/La_Muzetiere-BD-7.jpg\" rel=\"noopener\" data-fslightbox=\"gallery\" data-type=\"image\" class=\"eb-gallery-img-content eb-filter-img-\"><span class=\"eb-gallery-link-wrapper\"><img decoding=\"async\" class=\"eb-gallery-img\" src=\"https:\/\/la-muzetiere.fr\/wp-content\/uploads\/2024\/01\/La_Muzetiere-BD-7.jpg\" image-index=\"2\" alt=\"\"\/><\/span><\/a><a href=\"https:\/\/la-muzetiere.fr\/wp-content\/uploads\/2024\/01\/La_Muzetiere-BD-18.jpg\" rel=\"noopener\" data-fslightbox=\"gallery\" data-type=\"image\" class=\"eb-gallery-img-content eb-filter-img-\"><span class=\"eb-gallery-link-wrapper\"><img decoding=\"async\" class=\"eb-gallery-img\" src=\"https:\/\/la-muzetiere.fr\/wp-content\/uploads\/2024\/01\/La_Muzetiere-BD-18.jpg\" image-index=\"3\" alt=\"\"\/><\/span><\/a><a href=\"https:\/\/la-muzetiere.fr\/wp-content\/uploads\/2024\/01\/La_Muzetiere-BD-17.jpg\" rel=\"noopener\" data-fslightbox=\"gallery\" data-type=\"image\" class=\"eb-gallery-img-content eb-filter-img-\"><span class=\"eb-gallery-link-wrapper\"><img decoding=\"async\" class=\"eb-gallery-img\" src=\"https:\/\/la-muzetiere.fr\/wp-content\/uploads\/2024\/01\/La_Muzetiere-BD-17.jpg\" image-index=\"4\" alt=\"\"\/><\/span><\/a><a href=\"https:\/\/la-muzetiere.fr\/wp-content\/uploads\/2024\/01\/La_Muzetiere-BD-14.jpg\" rel=\"noopener\" data-fslightbox=\"gallery\" data-type=\"image\" class=\"eb-gallery-img-content eb-filter-img-\"><span class=\"eb-gallery-link-wrapper\"><img decoding=\"async\" class=\"eb-gallery-img\" src=\"https:\/\/la-muzetiere.fr\/wp-content\/uploads\/2024\/01\/La_Muzetiere-BD-14.jpg\" image-index=\"5\" alt=\"\"\/><\/span><\/a><a href=\"https:\/\/la-muzetiere.fr\/wp-content\/uploads\/2024\/01\/La_Muzetiere-BD-13.jpg\" rel=\"noopener\" data-fslightbox=\"gallery\" data-type=\"image\" class=\"eb-gallery-img-content eb-filter-img-\"><span class=\"eb-gallery-link-wrapper\"><img decoding=\"async\" class=\"eb-gallery-img\" src=\"https:\/\/la-muzetiere.fr\/wp-content\/uploads\/2024\/01\/La_Muzetiere-BD-13.jpg\" image-index=\"6\" alt=\"\"\/><\/span><\/a><a href=\"https:\/\/la-muzetiere.fr\/wp-content\/uploads\/2024\/01\/La_Muzetiere-BD-12.jpg\" rel=\"noopener\" data-fslightbox=\"gallery\" data-type=\"image\" class=\"eb-gallery-img-content eb-filter-img-\"><span class=\"eb-gallery-link-wrapper\"><img decoding=\"async\" class=\"eb-gallery-img\" src=\"https:\/\/la-muzetiere.fr\/wp-content\/uploads\/2024\/01\/La_Muzetiere-BD-12.jpg\" image-index=\"7\" alt=\"\"\/><\/span><\/a><a href=\"https:\/\/la-muzetiere.fr\/wp-content\/uploads\/2024\/01\/La_Muzetiere-BD-16.jpg\" rel=\"noopener\" data-fslightbox=\"gallery\" data-type=\"image\" class=\"eb-gallery-img-content eb-filter-img-\"><span class=\"eb-gallery-link-wrapper\"><img decoding=\"async\" class=\"eb-gallery-img\" src=\"https:\/\/la-muzetiere.fr\/wp-content\/uploads\/2024\/01\/La_Muzetiere-BD-16.jpg\" image-index=\"8\" alt=\"\"\/><\/span><\/a><a href=\"https:\/\/la-muzetiere.fr\/wp-content\/uploads\/2024\/01\/La_Muzetiere-BD-15.jpg\" rel=\"noopener\" data-fslightbox=\"gallery\" data-type=\"image\" class=\"eb-gallery-img-content eb-filter-img-\"><span class=\"eb-gallery-link-wrapper\"><img decoding=\"async\" class=\"eb-gallery-img\" src=\"https:\/\/la-muzetiere.fr\/wp-content\/uploads\/2024\/01\/La_Muzetiere-BD-15.jpg\" image-index=\"9\" alt=\"\"\/><\/span><\/a><a href=\"https:\/\/la-muzetiere.fr\/wp-content\/uploads\/2024\/01\/La_Muzetiere-BD-19.jpg\" rel=\"noopener\" data-fslightbox=\"gallery\" data-type=\"image\" class=\"eb-gallery-img-content eb-filter-img-\"><span class=\"eb-gallery-link-wrapper\"><img decoding=\"async\" class=\"eb-gallery-img\" src=\"https:\/\/la-muzetiere.fr\/wp-content\/uploads\/2024\/01\/La_Muzetiere-BD-19.jpg\" image-index=\"10\" alt=\"\"\/><\/span><\/a><a href=\"https:\/\/la-muzetiere.fr\/wp-content\/uploads\/2024\/01\/La_Muzetiere-BD-3.jpg\" rel=\"noopener\" data-fslightbox=\"gallery\" data-type=\"image\" class=\"eb-gallery-img-content eb-filter-img-\"><span class=\"eb-gallery-link-wrapper\"><img decoding=\"async\" class=\"eb-gallery-img\" src=\"https:\/\/la-muzetiere.fr\/wp-content\/uploads\/2024\/01\/La_Muzetiere-BD-3.jpg\" image-index=\"11\" alt=\"\"\/><\/span><\/a><a href=\"https:\/\/la-muzetiere.fr\/wp-content\/uploads\/2024\/01\/La_Muzetiere-BD-4.jpg\" rel=\"noopener\" data-fslightbox=\"gallery\" data-type=\"image\" class=\"eb-gallery-img-content eb-filter-img-\"><span class=\"eb-gallery-link-wrapper\"><img decoding=\"async\" class=\"eb-gallery-img\" src=\"https:\/\/la-muzetiere.fr\/wp-content\/uploads\/2024\/01\/La_Muzetiere-BD-4.jpg\" image-index=\"12\" alt=\"\"\/><\/span><\/a><a href=\"https:\/\/la-muzetiere.fr\/wp-content\/uploads\/2024\/01\/La_Muzetiere-BD-1.jpg\" rel=\"noopener\" data-fslightbox=\"gallery\" data-type=\"image\" class=\"eb-gallery-img-content eb-filter-img-\"><span class=\"eb-gallery-link-wrapper\"><img decoding=\"async\" class=\"eb-gallery-img\" src=\"https:\/\/la-muzetiere.fr\/wp-content\/uploads\/2024\/01\/La_Muzetiere-BD-1.jpg\" image-index=\"13\" alt=\"\"\/><\/span><\/a><a href=\"https:\/\/la-muzetiere.fr\/wp-content\/uploads\/2024\/01\/La_Muzetiere-BD-2.jpg\" rel=\"noopener\" data-fslightbox=\"gallery\" data-type=\"image\" class=\"eb-gallery-img-content eb-filter-img-\"><span class=\"eb-gallery-link-wrapper\"><img decoding=\"async\" class=\"eb-gallery-img\" src=\"https:\/\/la-muzetiere.fr\/wp-content\/uploads\/2024\/01\/La_Muzetiere-BD-2.jpg\" image-index=\"14\" alt=\"\"\/><\/span><\/a><\/div><\/div><\/div>\n\n\n\n<div style=\"height:100px\" aria-hidden=\"true\" class=\"wp-block-spacer\"><\/div>\n\n\n\n<div class=\"wp-block-group alignfull has-ast-global-color-5-color has-ast-global-color-0-background-color has-text-color has-background has-link-color wp-elements-08f0d3e0c763ad83d9aa37029916a43c is-layout-constrained wp-container-core-group-is-layout-12243e0f wp-block-group-is-layout-constrained\">\n<h2 class=\"wp-block-heading has-text-align-center has-ast-global-color-5-color has-text-color has-link-color wp-elements-ad4c5e6fbaa6c2b87ae9a9e850e33c69\">Contactez-moi<\/h2>\n\n\n\n<p class=\"has-text-align-center has-ast-global-color-5-color has-text-color has-link-color wp-elements-739050ec705d1286f25dade1d8f2b2e1\">Pour infos et r\u00e9servations<\/p>\n\n\n\n<div class=\"wp-block-buttons is-content-justification-center is-layout-flex wp-container-core-buttons-is-layout-a89b3969 wp-block-buttons-is-layout-flex\">\n<div class=\"wp-block-button\"><a class=\"wp-block-button__link has-ast-global-color-8-background-color has-background wp-element-button\" href=\"mailto:lamuzetiere@gmail.com\" target=\"_blank\" rel=\"noreferrer noopener\">\u00c9crire e-mail<\/a><\/div>\n\n\n\n<div class=\"wp-block-button\"><a class=\"wp-block-button__link has-ast-global-color-8-background-color has-background wp-element-button\" href=\"tel:0757540078\" target=\"_blank\" rel=\"noreferrer noopener\">Passer un coup de fil<\/a><\/div>\n<\/div>\n\n\n\n<div class=\"wp-block-buttons is-layout-flex wp-block-buttons-is-layout-flex\"><\/div>\n<\/div>\n","protected":false},"excerpt":{"rendered":"<p>Le g\u00eete la Muzeti\u00e8re Le g\u00eete est un petit havre de paix, au c\u0153ur de la nature, un lieu de [&hellip;]<\/p>\n","protected":false},"author":1,"featured_media":0,"parent":0,"menu_order":0,"comment_status":"closed","ping_status":"closed","template":"","meta":{"_eb_attr":"","inline_featured_image":false,"site-sidebar-layout":"default","site-content-layout":"","ast-site-content-layout":"","site-content-style":"default","site-sidebar-style":"default","ast-global-header-display":"","ast-banner-title-visibility":"","ast-main-header-display":"","ast-hfb-above-header-display":"","ast-hfb-below-header-display":"","ast-hfb-mobile-header-display":"","site-post-title":"disabled","ast-breadcrumbs-content":"","ast-featured-img":"","footer-sml-layout":"","theme-transparent-header-meta":"","adv-header-id-meta":"","stick-header-meta":"","header-above-stick-meta":"","header-main-stick-meta":"","header-below-stick-meta":"","astra-migrate-meta-layouts":"default","ast-page-background-enabled":"default","ast-page-background-meta":{"desktop":{"background-color":"var(--ast-global-color-4)","background-image":"","background-repeat":"repeat","background-position":"center center","background-size":"auto","background-attachment":"scroll","background-type":"","background-media":"","overlay-type":"","overlay-color":"","overlay-opacity":"","overlay-gradient":""},"tablet":{"background-color":"","background-image":"","background-repeat":"repeat","background-position":"center center","background-size":"auto","background-attachment":"scroll","background-type":"","background-media":"","overlay-type":"","overlay-color":"","overlay-opacity":"","overlay-gradient":""},"mobile":{"background-color":"","background-image":"","background-repeat":"repeat","background-position":"center center","background-size":"auto","background-attachment":"scroll","background-type":"","background-media":"","overlay-type":"","overlay-color":"","overlay-opacity":"","overlay-gradient":""}},"ast-content-background-meta":{"desktop":{"background-color":"var(--ast-global-color-5)","background-image":"","background-repeat":"repeat","background-position":"center center","background-size":"auto","background-attachment":"scroll","background-type":"","background-media":"","overlay-type":"","overlay-color":"","overlay-opacity":"","overlay-gradient":""},"tablet":{"background-color":"var(--ast-global-color-5)","background-image":"","background-repeat":"repeat","background-position":"center center","background-size":"auto","background-attachment":"scroll","background-type":"","background-media":"","overlay-type":"","overlay-color":"","overlay-opacity":"","overlay-gradient":""},"mobile":{"background-color":"var(--ast-global-color-5)","background-image":"","background-repeat":"repeat","background-position":"center center","background-size":"auto","background-attachment":"scroll","background-type":"","background-media":"","overlay-type":"","overlay-color":"","overlay-opacity":"","overlay-gradient":""}},"footnotes":""},"class_list":["post-145","page","type-page","status-publish","hentry"],"_links":{"self":[{"href":"https:\/\/la-muzetiere.fr\/index.php\/wp-json\/wp\/v2\/pages\/145","targetHints":{"allow":["GET"]}}],"collection":[{"href":"https:\/\/la-muzetiere.fr\/index.php\/wp-json\/wp\/v2\/pages"}],"about":[{"href":"https:\/\/la-muzetiere.fr\/index.php\/wp-json\/wp\/v2\/types\/page"}],"author":[{"embeddable":true,"href":"https:\/\/la-muzetiere.fr\/index.php\/wp-json\/wp\/v2\/users\/1"}],"replies":[{"embeddable":true,"href":"https:\/\/la-muzetiere.fr\/index.php\/wp-json\/wp\/v2\/comments?post=145"}],"version-history":[{"count":10,"href":"https:\/\/la-muzetiere.fr\/index.php\/wp-json\/wp\/v2\/pages\/145\/revisions"}],"predecessor-version":[{"id":361,"href":"https:\/\/la-muzetiere.fr\/index.php\/wp-json\/wp\/v2\/pages\/145\/revisions\/361"}],"wp:attachment":[{"href":"https:\/\/la-muzetiere.fr\/index.php\/wp-json\/wp\/v2\/media?parent=145"}],"curies":[{"name":"wp","href":"https:\/\/api.w.org\/{rel}","templated":true}]}}